{"id":3824,"date":"2021-12-03T14:04:43","date_gmt":"2021-12-03T14:04:43","guid":{"rendered":"https:\/\/www.inextremis-aventura.fr\/ajuda-a-la-reserva-en-linia\/"},"modified":"2024-12-31T23:27:10","modified_gmt":"2024-12-31T22:27:10","slug":"ajuda-a-la-reserva-en-linia","status":"publish","type":"page","link":"https:\/\/www1.inextremis-aventura.fr\/ca\/ajuda-a-la-reserva-en-linia\/","title":{"rendered":"Ajuda a la reserva en l\u00ednia"},"content":{"rendered":"<h2>Reservar online<\/h2>\n<ol>\n<li>Trieu una data fent clic a sobre, veureu apareixent els horaris i la disponibilitat. Seleccioneu el nombre de persones.<\/li>\n<li>Feu clic a Afegeix a la cistella, s&#8217;obre una finestra.<\/li>\n<li>Fes la meva comanda.<\/li>\n<li>Ompliu el formulari amb un correu electr\u00f2nic v\u00e0lid<\/li>\n<li>Valide les condicions de venda i feu clic a targetes de cr\u00e8dit<\/li>\n<li>Ompliu el formulari de pagament en l\u00ednia<\/li>\n<\/ol>\n<p><strong>Nota: es carregar\u00e0 al vostre cr\u00e8dit el 20% o el 100% de l&#8217;import total, confirmant la reserva de la sortida escollida.<br \/>\nEl saldo del 80% restant si el primer pagament \u00e9s del 20% es far\u00e0 en efectiu<\/strong><strong> lel dia de la sortida <\/strong><strong>al monitor.<\/strong><\/p>\n","protected":false},"excerpt":{"rendered":"<p>Reservar online Trieu una data fent clic a sobre, veureu apareixent els horaris i la disponibilitat. Seleccioneu el nombre de persones. Feu clic a Afegeix a la cistella, s&#8217;obre una finestra. Fes la meva comanda. Ompliu el formulari amb un correu electr\u00f2nic v\u00e0lid Valide les condicions de venda i feu clic a targetes de cr\u00e8dit [&hellip;]<\/p>\n","protected":false},"author":1,"featured_media":0,"parent":0,"menu_order":0,"comment_status":"closed","ping_status":"closed","template":"","meta":{"_acf_changed":false,"_seopress_robots_primary_cat":"","_seopress_titles_title":"","_seopress_titles_desc":"","_seopress_robots_index":"","site-sidebar-layout":"no-sidebar","site-content-layout":"plain-container","ast-site-content-layout":"default","site-content-style":"default","site-sidebar-style":"default","ast-global-header-display":"","ast-banner-title-visibility":"","ast-main-header-display":"","ast-hfb-above-header-display":"","ast-hfb-below-header-display":"","ast-hfb-mobile-header-display":"","site-post-title":"disabled","ast-breadcrumbs-content":"","ast-featured-img":"disabled","footer-sml-layout":"","ast-disable-related-posts":"","theme-transparent-header-meta":"default","adv-header-id-meta":"","stick-header-meta":"default","header-above-stick-meta":"","header-main-stick-meta":"","header-below-stick-meta":"","astra-migrate-meta-layouts":"set","ast-page-background-enabled":"default","ast-page-background-meta":{"desktop":{"background-color":"var(--ast-global-color-4)","background-image":"","background-repeat":"repeat","background-position":"center center","background-size":"auto","background-attachment":"scroll","background-type":"","background-media":"","overlay-type":"","overlay-color":"","overlay-opacity":"","overlay-gradient":""},"tablet":{"background-color":"","background-image":"","background-repeat":"repeat","background-position":"center center","background-size":"auto","background-attachment":"scroll","background-type":"","background-media":"","overlay-type":"","overlay-color":"","overlay-opacity":"","overlay-gradient":""},"mobile":{"background-color":"","background-image":"","background-repeat":"repeat","background-position":"center center","background-size":"auto","background-attachment":"scroll","background-type":"","background-media":"","overlay-type":"","overlay-color":"","overlay-opacity":"","overlay-gradient":""}},"ast-content-background-meta":{"desktop":{"background-color":"var(--ast-global-color-5)","background-image":"","background-repeat":"repeat","background-position":"center center","background-size":"auto","background-attachment":"scroll","background-type":"","background-media":"","overlay-type":"","overlay-color":"","overlay-opacity":"","overlay-gradient":""},"tablet":{"background-color":"var(--ast-global-color-5)","background-image":"","background-repeat":"repeat","background-position":"center center","background-size":"auto","background-attachment":"scroll","background-type":"","background-media":"","overlay-type":"","overlay-color":"","overlay-opacity":"","overlay-gradient":""},"mobile":{"background-color":"var(--ast-global-color-5)","background-image":"","background-repeat":"repeat","background-position":"center center","background-size":"auto","background-attachment":"scroll","background-type":"","background-media":"","overlay-type":"","overlay-color":"","overlay-opacity":"","overlay-gradient":""}},"_glsr_average":0,"_glsr_ranking":0,"_glsr_reviews":0,"footnotes":""},"categories":[],"tags":[],"class_list":["post-3824","page","type-page","status-publish","hentry"],"acf":[],"_links":{"self":[{"href":"https:\/\/www1.inextremis-aventura.fr\/ca\/wp-json\/wp\/v2\/pages\/3824","targetHints":{"allow":["GET"]}}],"collection":[{"href":"https:\/\/www1.inextremis-aventura.fr\/ca\/wp-json\/wp\/v2\/pages"}],"about":[{"href":"https:\/\/www1.inextremis-aventura.fr\/ca\/wp-json\/wp\/v2\/types\/page"}],"author":[{"embeddable":true,"href":"https:\/\/www1.inextremis-aventura.fr\/ca\/wp-json\/wp\/v2\/users\/1"}],"replies":[{"embeddable":true,"href":"https:\/\/www1.inextremis-aventura.fr\/ca\/wp-json\/wp\/v2\/comments?post=3824"}],"version-history":[{"count":1,"href":"https:\/\/www1.inextremis-aventura.fr\/ca\/wp-json\/wp\/v2\/pages\/3824\/revisions"}],"predecessor-version":[{"id":11875,"href":"https:\/\/www1.inextremis-aventura.fr\/ca\/wp-json\/wp\/v2\/pages\/3824\/revisions\/11875"}],"wp:attachment":[{"href":"https:\/\/www1.inextremis-aventura.fr\/ca\/wp-json\/wp\/v2\/media?parent=3824"}],"wp:term":[{"taxonomy":"category","embeddable":true,"href":"https:\/\/www1.inextremis-aventura.fr\/ca\/wp-json\/wp\/v2\/categories?post=3824"},{"taxonomy":"post_tag","embeddable":true,"href":"https:\/\/www1.inextremis-aventura.fr\/ca\/wp-json\/wp\/v2\/tags?post=3824"}],"curies":[{"name":"wp","href":"https:\/\/api.w.org\/{rel}","templated":true}]}}