{"id":3211,"date":"2021-11-23T15:06:04","date_gmt":"2021-11-23T14:06:04","guid":{"rendered":"https:\/\/www.inextremis-aventura.fr\/?post_type=product&#038;p=3211"},"modified":"2025-02-22T14:55:10","modified_gmt":"2025-02-22T13:55:10","slug":"barranc-salt-maria-valenta","status":"publish","type":"product","link":"https:\/\/www1.inextremis-aventura.fr\/ca\/activitats\/barranc-salt-maria-valenta\/","title":{"rendered":"Barranquisme Salt de Maria Valenta &#8211; Arles de Tec &#8211; Pirineus Orientals"},"content":{"rendered":"","protected":false},"excerpt":{"rendered":"<p>Descobriu el Barranc de Sal de Maria Valenta a Arles de Tec, als Pirineus Orientals en companyia d&#8217;un guia instructor professional de barranc certificat per l&#8217;estat&#8230;<\/p>\n","protected":false},"featured_media":3216,"comment_status":"open","ping_status":"closed","template":"","meta":{"_acf_changed":false,"_seopress_robots_primary_cat":"none","_seopress_titles_title":"","_seopress_titles_desc":"","_seopress_robots_index":"","site-sidebar-layout":"no-sidebar","site-content-layout":"","ast-site-content-layout":"normal-width-container","site-content-style":"unboxed","site-sidebar-style":"unboxed","ast-global-header-display":"","ast-banner-title-visibility":"","ast-main-header-display":"","ast-hfb-above-header-display":"","ast-hfb-below-header-display":"","ast-hfb-mobile-header-display":"","site-post-title":"disabled","ast-breadcrumbs-content":"","ast-featured-img":"disabled","footer-sml-layout":"","ast-disable-related-posts":"","theme-transparent-header-meta":"default","adv-header-id-meta":"","stick-header-meta":"default","header-above-stick-meta":"","header-main-stick-meta":"","header-below-stick-meta":"","astra-migrate-meta-layouts":"set","ast-page-background-enabled":"default","ast-page-background-meta":{"desktop":{"background-color":"var(--ast-global-color-4)","background-image":"","background-repeat":"repeat","background-position":"center center","background-size":"auto","background-attachment":"scroll","background-type":"","background-media":"","overlay-type":"","overlay-color":"","overlay-opacity":"","overlay-gradient":""},"tablet":{"background-color":"","background-image":"","background-repeat":"repeat","background-position":"center center","background-size":"auto","background-attachment":"scroll","background-type":"","background-media":"","overlay-type":"","overlay-color":"","overlay-opacity":"","overlay-gradient":""},"mobile":{"background-color":"","background-image":"","background-repeat":"repeat","background-position":"center center","background-size":"auto","background-attachment":"scroll","background-type":"","background-media":"","overlay-type":"","overlay-color":"","overlay-opacity":"","overlay-gradient":""}},"ast-content-background-meta":{"desktop":{"background-color":"var(--ast-global-color-5)","background-image":"","background-repeat":"repeat","background-position":"center center","background-size":"auto","background-attachment":"scroll","background-type":"","background-media":"","overlay-type":"","overlay-color":"","overlay-opacity":"","overlay-gradient":""},"tablet":{"background-color":"var(--ast-global-color-5)","background-image":"","background-repeat":"repeat","background-position":"center center","background-size":"auto","background-attachment":"scroll","background-type":"","background-media":"","overlay-type":"","overlay-color":"","overlay-opacity":"","overlay-gradient":""},"mobile":{"background-color":"var(--ast-global-color-5)","background-image":"","background-repeat":"repeat","background-position":"center center","background-size":"auto","background-attachment":"scroll","background-type":"","background-media":"","overlay-type":"","overlay-color":"","overlay-opacity":"","overlay-gradient":""}},"_glsr_average":4,"_glsr_ranking":3.545454545454500117074303489062003791332244873046875,"_glsr_reviews":1},"product_brand":[260],"product_cat":[46,58],"product_tag":[118,224,165,245,177],"giftcard-category":[],"class_list":{"0":"post-3211","1":"product","2":"type-product","3":"status-publish","4":"has-post-thumbnail","6":"product_brand-inextremis-aventura-ca","7":"product_cat-barranquisme","8":"product_cat-esportiu","9":"product_tag-arles-de-tec","10":"product_tag-abril-octubre","11":"product_tag-mig-dia","12":"product_tag-pohibit","13":"product_tag-vallespir-comarca","14":"desktop-align-center","15":"tablet-align-left","16":"mobile-align-left","17":"ast-product-gallery-layout-horizontal","18":"ast-product-gallery-with-no-image","19":"ast-magnify-disabled","21":"first","22":"instock","23":"virtual","24":"purchasable","25":"product-type-appointment"},"exclude_global_add_ons":[],"addons":[],"acf":{"short_description_en_h2":"<h2>[wpcode id=\"12596\"]<\/h2>","description_de_la_sortie":"","materiel_fourni_pour_votre_descente":"Mat\u00e9riel fourni pour votre descente\r\nCombinaison canyon renforc\u00e9e\r\nHarnais avec longes doubles et descendeur\r\nCasque\r\nChaussures (du 36 au 47)","affaires_personnelles_a_prevoir":"Affaires personnelles \u00e0 pr\u00e9voir\r\n\r\nMaillot de bain\r\nChaussettes obligatoires\r\n1 paire de chaussures de sport si pointure &lt; 36 ou &gt; 47\r\n\u00c9lastique \u00e0 cheveux pour les filles\r\nBouteille d\u2019eau","le_plus_d\u2019inextremis_aventura":"Encadrement par un moniteur canyon dipl\u00f4m\u00e9 d\u2019\u00e9tat fran\u00e7ais ayant plus de 30 ans d\u2019exp\u00e9rience professionnelle \u00e9tant l\u2019un des pionniers du canyonisme dans les PO.\r\nUne navette en minibus est organis\u00e9e entre le bas et le haut du canyon vous \u00e9vitant la remont\u00e9e en sortie du canyon tr\u00e8s raide et p\u00e9nible \u00e0 vos v\u00e9hicules.\r\nMise \u00e0 disposition gratuite d\u2019un appareil photo \u00e9tanche pour l\u2019ensemble du groupe (sous r\u00e9serve de disponibilit\u00e9) \u2013 R\u00e9cup\u00e9ration gratuite des photos en t\u00e9l\u00e9chargement.","video":"","niveau":"","topographie":"","tarifs_de_la_sortie":"","infos_dates":"Vous souhaitez une autre date que celles affich\u00e9es pour votre sortie canyoning ?\r\nNous pouvons mettre en place un d\u00e9part sur simple demande.\r\nLes d\u00e9parts sont assur\u00e9s \u00e0 partir de 4 personnes, si le nombre minimum n\u2019est pas atteint nous essayons de vous replacer chez un coll\u00e8gue o\u00f9 nous vous remboursons la totalit\u00e9 de la somme que vous avez r\u00e9gl\u00e9 \u00e0 la r\u00e9servation.","image_seule":"","selectionner":"<span style=\"color: #ff0000;\"><strong>S\u00e9lectionner le nombre de place(s) total ci-dessus.<\/strong><\/span>","contact":"<a href=\"https:\/\/www1.inextremis-aventura.fr\/nous-contacter\/\"><strong><img class=\"alignnone wp-image-8222\" src=\"http:\/\/www.inextremis-aventura.fr\/wp-content\/uploads\/2022\/12\/icone-mail.png\" alt=\"info@inextremis-aventura.com\" width=\"38\" height=\"25\" \/> Contact !<\/strong><\/a>","tel":"<strong><img class=\"alignnone wp-image-8218\" src=\"http:\/\/www.inextremis-aventura.fr\/wp-content\/uploads\/2022\/12\/icone-tel.png\" alt=\"+33980850565\" width=\"25\" height=\"25\" \/>09 80 85 05 65<\/strong>","portable":"<strong><img class=\"alignnone wp-image-8218\" src=\"http:\/\/www.inextremis-aventura.fr\/wp-content\/uploads\/2022\/12\/icone-tel.png\" alt=\"+33980850565\" width=\"25\" height=\"25\" \/>06 29 56 40 36<\/strong>","situation":"<strong><a href=\"https:\/\/goo.gl\/maps\/sMFNHoxDRmRGMJAB9\" target=\"_blank\" rel=\"noopener\"><img class=\"alignnone wp-image-8229\" title=\"Locaux Inextremis Aventura\" src=\"http:\/\/www.inextremis-aventura.fr\/wp-content\/uploads\/2022\/12\/icone-place.png\" alt=\"Locaux Inextremis Aventura\" width=\"22\" height=\"25\" \/> Situation<\/a><\/strong>","image_topo":"","google_maps":null,"informations_touristiques":"Informations touristiques","informations_touristiques_2":"","ouverture-fermeture":"","champs":"<strong>Dates en gras sorties programm\u00e9es.\r\nDates barr\u00e9es, ou non cliquables sorties compl\u00e8tes.<\/strong>","lieu_de_rdv":"<h3>Lieu de Rendez-vous :<\/h3>"},"_links":{"self":[{"href":"https:\/\/www1.inextremis-aventura.fr\/ca\/wp-json\/wp\/v2\/product\/3211","targetHints":{"allow":["GET"]}}],"collection":[{"href":"https:\/\/www1.inextremis-aventura.fr\/ca\/wp-json\/wp\/v2\/product"}],"about":[{"href":"https:\/\/www1.inextremis-aventura.fr\/ca\/wp-json\/wp\/v2\/types\/product"}],"replies":[{"embeddable":true,"href":"https:\/\/www1.inextremis-aventura.fr\/ca\/wp-json\/wp\/v2\/comments?post=3211"}],"wp:featuredmedia":[{"embeddable":true,"href":"https:\/\/www1.inextremis-aventura.fr\/ca\/wp-json\/wp\/v2\/media\/3216"}],"wp:attachment":[{"href":"https:\/\/www1.inextremis-aventura.fr\/ca\/wp-json\/wp\/v2\/media?parent=3211"}],"wp:term":[{"taxonomy":"product_brand","embeddable":true,"href":"https:\/\/www1.inextremis-aventura.fr\/ca\/wp-json\/wp\/v2\/product_brand?post=3211"},{"taxonomy":"product_cat","embeddable":true,"href":"https:\/\/www1.inextremis-aventura.fr\/ca\/wp-json\/wp\/v2\/product_cat?post=3211"},{"taxonomy":"product_tag","embeddable":true,"href":"https:\/\/www1.inextremis-aventura.fr\/ca\/wp-json\/wp\/v2\/product_tag?post=3211"},{"taxonomy":"giftcard-category","embeddable":true,"href":"https:\/\/www1.inextremis-aventura.fr\/ca\/wp-json\/wp\/v2\/giftcard-category?post=3211"}],"curies":[{"name":"wp","href":"https:\/\/api.w.org\/{rel}","templated":true}]}}