{"id":3921,"date":"2021-12-03T18:26:56","date_gmt":"2021-12-03T17:26:56","guid":{"rendered":"https:\/\/www.inextremis-aventura.fr\/?page_id=3921"},"modified":"2025-02-08T13:22:55","modified_gmt":"2025-02-08T12:22:55","slug":"general-sales-conditions","status":"publish","type":"page","link":"https:\/\/www1.inextremis-aventura.fr\/en\/general-sales-conditions\/","title":{"rendered":"General sales conditions"},"content":{"rendered":"<div class=\"wpb-content-wrapper\"><p>[vc_row full_width=&#8221;stretch_row_content_no_spaces&#8221; css=&#8221;.vc_custom_1677512879833{background-color: #fb2056 !important;}&#8221; el_class=&#8221;blanc&#8221;][vc_column width=&#8221;1\/3&#8243;][vc_column_text css=&#8221;.vc_custom_1739017371345{margin-left: 20px !important;}&#8221; el_class=&#8221;barre&#8221;]<strong><a title=\"Contacte-us !\" href=\"https:\/\/www.inextremis-aventura.fr\/en\/contact-us\/\"><img loading=\"lazy\" decoding=\"async\" title=\"Contact-us !\" src=\"https:\/\/www.inextremis-aventura.fr\/wp-content\/uploads\/2014\/03\/contact.png\" alt=\"Contact-us !\" width=\"25\" height=\"15\" \/> Contact-us !<\/a><\/strong>[\/vc_column_text][\/vc_column][vc_column width=&#8221;1\/3&#8243; offset=&#8221;vc_col-sm-offset-0 vc_hidden-sm vc_hidden-xs&#8221;][vc_column_text]<strong>\u260f +33 9 80 850 565<\/strong>[\/vc_column_text][\/vc_column][vc_column width=&#8221;1\/3&#8243; full_width=&#8221;stretch_row_content_no_spaces&#8221; gap=&#8221;0&#8243; full_height=&#8221;&#8221; columns_placement=&#8221;middle&#8221; equal_height=&#8221;&#8221; rtl_reverse=&#8221;&#8221; content_placement=&#8221;&#8221; disable_element=&#8221;&#8221; offset=&#8221;vc_col-sm-offset-0 vc_hidden-sm vc_hidden-xs&#8221;][vc_column_text]<strong>\u260f 06 29 56 40 36<\/strong>[\/vc_column_text][\/vc_column][\/vc_row][vc_row css=&#8221;.vc_custom_1638556301547{margin-top: 30px !important;}&#8221;][vc_column][vc_column_text css=&#8221;&#8221;]<\/p>\n<h2>Conditions g\u00e9n\u00e9rales des ventes d&#8217;Inextremis Aventura<\/h2>\n<p><b>Votre organisateur :<\/b><br \/>\nLangues parl\u00e9es : Fran\u00e7ais, Catalan, Espagnol, Anglais.<\/p>\n<p><strong>Moniteur canyon :<\/strong> Dipl\u00f4m\u00e9 d\u2019\u00c9tat fran\u00e7ais de canyonisme attestant d&#8217;une assurance RC professionnelle + frais de recherche et de secours.<\/p>\n<p><b>Mat\u00e9riel fourni : <\/b>Combinaison n\u00e9opr\u00e8ne, chaussures (\u00e0 partir du 36) et casque (Rando-aquatique)<br \/>\nCombinaison n\u00e9opr\u00e8ne, chaussures (\u00e0 partir du 36), casque, baudrier, longes doubles avec mousquetons et descendeur (Canyoning)<\/p>\n<p><strong>Mat\u00e9riel personnel \u00e0 pr\u00e9voir :<\/strong> 1 maillot de bain, 1 paire de chaussure de rechange (ex : tongs) + 1 paire de chaussettes obligatoire + bouteilles d&#8217;eau (en quantit\u00e9), \u00c9lastique \u00e0 cheveux pour cheveux longs.<\/p>\n<p><strong>Nombre minimum de participants :<\/strong><br \/>\nD\u00e9part assur\u00e9 \u00e0 partir de 4 personnes<\/p>\n<p><strong>Conditions :<\/strong><\/p>\n<p>&#8211; \u00eatre en bonne condition physique,<br \/>\n&#8211; ne pas \u00eatre en surpoids important *,<br \/>\n&#8211; ne pas avoir de contre indication m\u00e9dicale \u00e0 la pratique de l\u2019activit\u00e9,<br \/>\n&#8211; savoir bien nager et ne pas avoir peur de l\u2019eau,<br \/>\n&#8211; ne pas avoir peur du vide pour les canyons avec rappel,<br \/>\n&#8211; se munir de l\u2019\u00e9quipement demand\u00e9,<br \/>\n&#8211; les mineurs doivent obligatoirement \u00eatre accompagn\u00e9s d\u2019un adulte,<br \/>\n&#8211; la personne effectuant la r\u00e9servation, s\u2019engage \u00e0 informer l\u2019ensemble des participants de son groupe, sur les conditions de participation et le d\u00e9roulement de l\u2019activit\u00e9<\/p>\n<p>* Les personnes en surpoids sont pri\u00e9s de le pr\u00e9ciser au moment de la r\u00e9servation, pour \u00e9valuer, en fonction du parcours choisi, si la pratique de l\u2019activit\u00e9 ne pr\u00e9sente pas de risque.<\/p>\n<p>Le jour de la sortie, le moniteur est en droit de refuser toute personne qui ne remplirait pas toutes ces conditions (personne alcoolis\u00e9e ou pr\u00e9sentant une fatigue importante, n\u2019ayant pas son \u00e9quipement, ayant menti sur son poids trop important pour faire l\u2019activit\u00e9, mineur non accompagn\u00e9,\u2026).<br \/>\nDans ce cas, l\u2019acompte ne sera pas rembours\u00e9.<\/p>\n<p>Notions d\u2019environnement et d\u2019activit\u00e9s \u00e0 risques :<br \/>\nLes sports de pleine nature sont des activit\u00e9s enthousiasmantes et enrichissantes mais comportant des risques li\u00e9s au milieu naturel (al\u00e9as m\u00e9t\u00e9orologiques, obstacles et mouvements de terrain, \u00e9boulements, chutes, etc.) ainsi que de risques intrins\u00e8ques \u00e0 chaque activit\u00e9 sportive (qui varient de \u00ab b\u00e9nins \u00bb \u00e0 \u00ab forts \u00bb selon le niveau et le type des pratiques concern\u00e9es).<br \/>\nCes risques sont plus particuli\u00e8rement \u00e9lev\u00e9s dans certains sports dits \u00ab en environnement sp\u00e9cifique \u00bb (escalade en terrain d\u2019aventure, Via Ferrata, canyoning.) \u2013 o\u00f9 le recours \u00e0 un encadrement professionnel hautement qualifi\u00e9 est fortement conseill\u00e9.<\/p>\n<p>Limite de responsabilit\u00e9 de l\u2019encadrant :<br \/>\nLe r\u00f4le premier du guide ou moniteur est de r\u00e9duire les risques, sans pouvoir pr\u00e9tendre les supprimer totalement. Cette part de risque incompressible, concomitante \u00e0 toute \u00e9volution en milieu naturel et \u00e0 toute notion d\u2019aventure, peut \u00eatre la source de situations d\u2019inconfort, de d\u00e9sagr\u00e9ments, d\u2019incidents voire d\u2019accidents, li\u00e9s aux caract\u00e9ristiques propres de l\u2019activit\u00e9 et\/ou \u00e0 son milieu naturel d\u2019exercice, ind\u00e9pendamment de toute faute de l\u2019encadrant. Cette dimension particuli\u00e8re doit \u00eatre prise en compte avant de contracter avec un encadrant professionnel ; le pratiquant doit ainsi assumer en connaissance de cause sa propre part de responsabilit\u00e9 dans la d\u00e9cision de s\u2019engager dans une activit\u00e9 et un environnement naturel dont il ne peut raisonnablement ignorer les risques objectifs qui leur sont inh\u00e9rents.<\/p>\n<p>\u2022 Pr\u00e9cautions et devoirs du pratiquant vis-\u00e0-vis des professionnels encadrants et du groupe :<br \/>\nPr\u00e9alablement \u00e0 toute activit\u00e9, il est essentiel :<br \/>\n\u2013 que le pratiquant informe ses guides ou moniteurs de son profil physique, psychologique et technique et des \u00e9ventuelles pr\u00e9cautions, restrictions et contre-indications qui en d\u00e9couleraient au regard de la pratique sportive<br \/>\n\u2013 de bien prendre connaissance des diverses informations fournies par les professionnels encadrants pour s\u2019\u00e9quiper et se pr\u00e9parer au mieux.<\/p>\n<p>Lors des activit\u00e9s sur le terrain, pour ne pas compromettre sa propre s\u00e9curit\u00e9 et celle du groupe, il est crucial :<br \/>\n\u2013 de se pr\u00e9senter avec l\u2019\u00e9quipement pr\u00e9conis\u00e9 (si non fourni par l\u2019encadrement)<br \/>\n\u2013 de respecter les consignes des guides ou moniteurs<br \/>\n\u2013 et de ne pas h\u00e9siter \u00e0 demander de les pr\u00e9ciser, au moindre doute<\/p>\n<p>Age minimal 8 ans pour les randonn\u00e9es aquatiques, 10 ans pour les canyons initiation d\u00e9couverte, 12 ans pour les canyons initiation sportive et 14 ans pour les canyons sportifs (les enfants seront toujours accompagn\u00e9s par leurs parents).<br \/>\nChaque participant aux activit\u00e9s doit \u00eatre en bonne forme physique et ne doit pas faire l\u2019objet de contre indication m\u00e9dicale \u00e0 la pratique des dites activit\u00e9s.<br \/>\nLes personnes participant \u00e0 l\u2019activit\u00e9 canyonisme doivent savoir imp\u00e9rativement nager au moins 25 m\u00e8tres en nage libre, sauter et s\u2019immerger dans l\u2019eau. Pour les centre de vacances un certificat de 25 m est requis pour chaque participant.<\/p>\n<p><strong>Les tarifs s\u00e9jour incluent :<\/strong><br \/>\nEncadrement par un moniteur attestant d&#8217;une assurance RC professionnelle + frais de recherche et de secours.<br \/>\nLe pr\u00eat du mat\u00e9riel sp\u00e9cifique canyon<br \/>\nDans le cadre d&#8217;un s\u00e9jour, l&#8217;h\u00e9bergement en h\u00f4tel** pendant 2 jours selon l&#8217;option de restauration choisie (base chambre double).<br \/>\nDans le cadre d&#8217;un s\u00e9jour, le transport aller-retour depuis votre h\u00f4tel \u00e0 C\u00e9ret sur les diff\u00e9rents sites de pratique.<\/p>\n<p><strong>H\u00e9bergement sur les s\u00e9jours :<br \/>\n<\/strong>H\u00e9bergement propos\u00e9 en h\u00f4tel** \u00e0 C\u00e9ret (base chambre double) pendant 2 jours (week-ends) et 4 jours (stages).<br \/>\nDeux formules de restauration : B&amp;B (nuit + petit d\u00e9jeuner) ou demi-pension (nuit + petit d\u00e9jeuner + repas du soir) pendant 2 ou 4 jours.<\/p>\n<p><strong>Ne sont pas inclus (s\u00e9jour) :<\/strong><br \/>\nLe transport depuis votre domicile jusqu&#8217;\u00e0 C\u00e9ret<br \/>\nLes repas du midi<br \/>\nLes boissons<br \/>\nL&#8217;option chambre individuelle : + 40 \u20ac \/ pers (2 jours) et 80 \u20ac \/ pers (4 jours).<br \/>\nOption transport aller-retour Perpignan &#8211;&gt; C\u00e9ret : + 15 \u20ac \/ personne.<\/p>\n<p><strong>R\u00e9servation et paiement :<\/strong><br \/>\nVous avez la possibilit\u00e9 d&#8217;effectuer une r\u00e9servation en ligne (ferme) par carte bancaire la r\u00e9servation sera alors valid\u00e9e.<\/p>\n<p>Vous avez aussi la possibilit\u00e9 d&#8217;effectuer une pr\u00e9-r\u00e9servation en nous envoyant un ch\u00e8que de 30% du montant total de la prestation.<br \/>\nVous avez aussi la possibilit\u00e9 de nous contacter en utilisant le formulaire d&#8217;inscription en cliquant Contact en bas de chaque page, n&#8217;oubliez pas de remplir l&#8217;ensemble des champs y figurants.<\/p>\n<p><strong>Annulation Sortie canyon :<\/strong><br \/>\nVous avez un droit de r\u00e9tractation de 7 jours suivant la date de r\u00e9servation de votre s\u00e9jour dans un d\u00e9lais de 30 jours avant le jour d&#8217;activit\u00e9.<br \/>\nA plus de 15 jours de la sortie canyon : l&#8217;acompte vers\u00e9 lors de la r\u00e9servation n&#8217;est pas encaiss\u00e9.<br \/>\nA moins de 7 jours de la sortie canyon : l&#8217;acompte vers\u00e9 n&#8217;est pas restitu\u00e9 et est encaiss\u00e9.<br \/>\nEn cas d\u2019annulation d&#8217;un ou de plusieurs participants \u00e0 moins de 48h ou le jour de l&#8217;activit\u00e9 de la sortie canyon, les places seront factur\u00e9es par Inextremis Aventura \u00e0 l&#8217;ensemble du groupe.<br \/>\nEn fonction du d\u00e9bit d&#8217;eau et de la m\u00e9t\u00e9orologie, l&#8217;organisateur peut d\u00e9cider de d\u00e9placer ou d&#8217;annuler une sortie canyon par mesure de s\u00e9curit\u00e9.<\/p>\n<p><strong>Annulation Week-end \/ S\u00e9jour canyon :<\/strong><br \/>\nEn cas d\u2019annulation de votre part (sauf si vous trouvez un rempla\u00e7ant pour la sortie), des frais d\u2019annulation seront conserv\u00e9s par Inextremis Aventura:<br \/>\nVous avez un droit de r\u00e9tractation de 7 jours suivant la date de r\u00e9servation de votre s\u00e9jour dans un d\u00e9lais de 30 jours avant le jour d&#8217;activit\u00e9.<br \/>\nA plus de 29 jours du d\u00e9part : forfait de 10% par personne pour frais de dossier<br \/>\nEntre 29 et 21 jours : 25 % du montant total<br \/>\nEntre 20 et 8 jours : 50 % du montant total<br \/>\nEntre 7 et 2 jours : 75 % du montant total<br \/>\nA moins de 2 jours : 100 % du montant total<\/p>\n<p><strong>Assurance et responsabilit\u00e9<\/strong><br \/>\nEn r\u00e9servant une prestation, vous attestez :<br \/>\n&#8211; \u00eatre capable de nager au moins 25m, de vous immerger et de sauter ;<br \/>\n&#8211; \u00eatre en bonne condition physique et que votre \u00e9tat de sant\u00e9 ne pr\u00e9sente aucune contre-indication \u00e0 la pratique de l\u2019activit\u00e9 \u00e0 laquelle vous allez participer;<br \/>\n&#8211; \u00eatre conscient et assumer en toute connaissance de cause les risques inh\u00e9rents \u00e0 l&#8217;environnement sp\u00e9cifique dit &#8220;\u00e0 risque&#8221; que vous allez parcourir et vous engagez \u00e0 ne pas faire porter la responsabilit\u00e9 de ces risques sur Inextremis Aventura. Ceci est valable \u00e9galement pour les ayants droits et tout membre de la famille.<\/p>\n<p>La s\u00e9curit\u00e9 du groupe et la votre sont l\u2019affaire de tous, aussi nous vous demanderons de :<br \/>\n&#8211; Suivre rigoureusement les instructions de votre moniteur sans prendre d\u2019initiatives ; lequel ne pourra \u00eatre tenu pour responsable des incidents, accidents ou dommages corporels \u2026 qui en r\u00e9sulteraient.<br \/>\n&#8211; Signaler avant le d\u00e9but de l\u2019activit\u00e9 tout probl\u00e8me de sant\u00e9 (hypoglyc\u00e9mie, asthme, lentilles,\u2026) ou certains traumatismes survenus ant\u00e9rieurement \u00e0 l\u2018activit\u00e9 (type entorse, op\u00e9ration chirurgicale, articulation du genou fragile,\u2026)<\/p>\n<p>Inextremis Aventura assure l\u2019encadrement de l\u2019activit\u00e9 canyoning et fait \u00e9galement intervenir des moniteurs ind\u00e9pendants. Chaque moniteur ind\u00e9pendant est couvert par une assurance en Responsabilit\u00e9 Civile Professionnelle pour les activit\u00e9s qui lui sont propres et pour les frais occasionn\u00e9s par une \u00e9ventuelle op\u00e9ration de secours.<br \/>\nCette assurance ne couvre pas les participants au titre de \u00ab l\u2019individuelle accident \u00bb, nous conseillons vivement chaque participant de se renseigner aupr\u00e8s de l\u2019assurance de son choix pour une assurance en responsabilit\u00e9 civile et\/ou une individuelle accident pour la pratique des sports de pleine nature \/ de montagne.<br \/>\nEn effet nous ne saurions nous substituer \u00e0 la responsabilit\u00e9 civile individuelle de chaque participant.<\/p>\n<p>L\u2019entreprise Inextremis Aventura est assur\u00e9e en responsabilit\u00e9 civile pour toutes les activit\u00e9s qu\u2019elle propose et sa responsabilit\u00e9 ne pourra \u00eatre engag\u00e9e pour les activit\u00e9s r\u00e9serv\u00e9es aupr\u00e8s d\u2019autres prestataires.<\/p>\n<p>En cas d\u2019accident corporel, la responsabilit\u00e9 de l\u2019entreprise Inextremis Aventura et du moniteur intervenant est d\u00e9gag\u00e9e d\u00e8s la prise en charge de la victime par les organismes de secours comp\u00e9tents, et toute suite hospitali\u00e8re sera du ressort des assurances personnelles de l\u2019accident\u00e9.<\/p>\n<p>Pour les mineurs participants aux activit\u00e9s et s\u00e9jours d\u2019Inextremis Aventura, sous la tutelle d\u2019une organisation ext\u00e9rieure, celle-ci est juridiquement responsable des conditions de participation.<\/p>\n<p>Le participant\/client est responsable du mat\u00e9riel qui lui a \u00e9t\u00e9 pr\u00eat\u00e9 pour l\u2019activit\u00e9. Le professionnel ne pourra \u00eatre tenu responsable des pr\u00e9judices pouvant \u00eatre caus\u00e9s par le mat\u00e9riel mis \u00e0 disposition.<\/p>\n<p>En cas de vol, de perte ou de d\u00e9t\u00e9rioration du mat\u00e9riel pr\u00eat\u00e9, il peut \u00eatre demand\u00e9 au participant\/client un d\u00e9dommagement li\u00e9 \u00e0 l\u2019usure ou un remboursement total du mat\u00e9riel.<\/p>\n<p>Les rendez-vous ont lieu dans la majorit\u00e9 des cas aux parkings des activit\u00e9s. Ces parkings sont souvent isol\u00e9s en montagne, nous vous conseillons de prendre le strict minimum dans vos v\u00e9hicules. Inextremis Aventura d\u00e9cline toute responsabilit\u00e9 en cas de vols de mat\u00e9riels dans vos v\u00e9hicules.<\/p>\n<p>Les professionnels (moniteurs) et l\u2019entreprise Inextremis Aventura ne pourront \u00eatre tenus responsables de la perte, du vol ou de la casse d\u2019objets (ex : lunettes, appareils photos\u2026) que les pratiquants pourraient emmener avec eux durant l\u2019activit\u00e9 et pouvant survenir au cours de l\u2019activit\u00e9.<\/p>\n<p><strong>Droit \u00e0 l&#8217;image :<\/strong><br \/>\nInextremis Aventura se r\u00e9serve le droit d\u2019utiliser les photos et vid\u00e9os prises lors des prestations pour illustrer ses brochures, pub diverses, r\u00e9seaux sociaux et sites Internet, sauf avis contraire du participant qui le cas \u00e9ch\u00e9ant doit le stipuler express\u00e9ment par mail.<br \/>\nConform\u00e9ment \u00e0 la Loi n\u00b078-17 du 6 janvier 1978 relative \u00e0 l\u2019informatique, aux fichier et aux libert\u00e9s, vous disposez d\u2019un droit d\u2019acc\u00e8s et de rectification ou suppression des informations vous concernant.[\/vc_column_text][\/vc_column][\/vc_row][vc_row][vc_column][vc_column_text]<\/p>\n<h3><strong>Carte cadeau : Livraison<\/strong><\/h3>\n<p><strong>Disponibilit\u00e9 des Cartes Cadeaux<\/strong><\/p>\n<p>Les cartes Cadeaux sont des produits \u00e9dit\u00e9s en quantit\u00e9 limit\u00e9e, d&#8217;une part, en raison des capacit\u00e9s d&#8217;accueil limit\u00e9es de notre entreprise, en raison de la dur\u00e9e de validit\u00e9 limit\u00e9e \u00e0 un an \u00e0 partir de la date d&#8217;achat<\/p>\n<p>En cas de rupture de stock temporaire ou d\u00e9finitive, l\u2019Acheteur en sera inform\u00e9 et la commande ne pourra aboutir dans ce format.<\/p>\n<p>Les Cartes Cadeaux sont livr\u00e9es sous forme de bon d&#8217;\u00e9change num\u00e9rique \u00e0 l&#8217;adresse EMail indiqu\u00e9e par l\u2019Acheteur lors de son Achat en ligne. La responsabilit\u00e9 d&#8217;Inextremis Aventura ne pourra en aucun cas \u00eatre engag\u00e9e en cas d\u2019erreur de saisie dans l\u2019adresse Email par l\u2019Acheteur. L\u2019Acheteur pourra toutefois contacter Inextremis Aventura pour demander un nouvel envoie.<\/p>\n<p><strong>Mode d&#8217;acheminement et d\u00e9lai de livraison des Cartes Cadeaux<\/strong><\/p>\n<p>L&#8217;acheteur peut programmer lors de l&#8217;achat,\u00a0 la date et heure de l&#8217;envoie sur sur l&#8217;adresse Email indiqu\u00e9e. Le d\u00e9lai de livraison est effectu\u00e9 automatique en fonction de la date et heures indiqu\u00e9es. L\u2019Acheteur recevra un e-mail comportant sa carte cadeau imprimable avec un num\u00e9ro d&#8217;identification.<\/p>\n<p>Frais de port (voie postale)<\/p>\n<p>Si l&#8217;acheteur d\u00e9cide de recevoir par voie postale sa carte cadeau, les frais de port sont forfaitaires (3 \u20ac)\u00a0 et factur\u00e9s en compl\u00e9ment du prix des cartes cadeaux , lors de l&#8217;achat en ligne. Pas d&#8217;envoi par voie postale hors France m\u00e9tropolitaine et\u00a0 Corse.[\/vc_column_text][\/vc_column][\/vc_row]<\/p>\n<\/div>","protected":false},"excerpt":{"rendered":"<p>[vc_row full_width=&#8221;stretch_row_content_no_spaces&#8221; css=&#8221;.vc_custom_1677512879833{background-color: #fb2056 !important;}&#8221; el_class=&#8221;blanc&#8221;][vc_column width=&#8221;1\/3&#8243;][vc_column_text css=&#8221;.vc_custom_1739017371345{margin-left: 20px !important;}&#8221; el_class=&#8221;barre&#8221;] Contact-us ![\/vc_column_text][\/vc_column][vc_column width=&#8221;1\/3&#8243; offset=&#8221;vc_col-sm-offset-0 vc_hidden-sm vc_hidden-xs&#8221;][vc_column_text]\u260f +33 9 80 850 565[\/vc_column_text][\/vc_column][vc_column width=&#8221;1\/3&#8243; full_width=&#8221;stretch_row_content_no_spaces&#8221; gap=&#8221;0&#8243; full_height=&#8221;&#8221; columns_placement=&#8221;middle&#8221; equal_height=&#8221;&#8221; rtl_reverse=&#8221;&#8221; content_placement=&#8221;&#8221; disable_element=&#8221;&#8221; offset=&#8221;vc_col-sm-offset-0 vc_hidden-sm vc_hidden-xs&#8221;][vc_column_text]\u260f 06 29 56 40 36[\/vc_column_text][\/vc_column][\/vc_row][vc_row css=&#8221;.vc_custom_1638556301547{margin-top: 30px !important;}&#8221;][vc_column][vc_column_text css=&#8221;&#8221;] Conditions g\u00e9n\u00e9rales des ventes d&#8217;Inextremis Aventura Votre organisateur : Langues parl\u00e9es : [&hellip;]<\/p>\n","protected":false},"author":1,"featured_media":4890,"parent":0,"menu_order":0,"comment_status":"closed","ping_status":"closed","template":"","meta":{"_acf_changed":false,"_seopress_robots_primary_cat":"","_seopress_titles_title":"","_seopress_titles_desc":"","_seopress_robots_index":"","site-sidebar-layout":"no-sidebar","site-content-layout":"plain-container","ast-site-content-layout":"normal-width-container","site-content-style":"unboxed","site-sidebar-style":"unboxed","ast-global-header-display":"","ast-banner-title-visibility":"","ast-main-header-display":"","ast-hfb-above-header-display":"","ast-hfb-below-header-display":"","ast-hfb-mobile-header-display":"","site-post-title":"disabled","ast-breadcrumbs-content":"","ast-featured-img":"","footer-sml-layout":"","ast-disable-related-posts":"","theme-transparent-header-meta":"enabled","adv-header-id-meta":"5407","stick-header-meta":"enabled","header-above-stick-meta":"","header-main-stick-meta":"on","header-below-stick-meta":"","astra-migrate-meta-layouts":"set","ast-page-background-enabled":"default","ast-page-background-meta":{"desktop":{"background-color":"var(--ast-global-color-4)","background-image":"","background-repeat":"repeat","background-position":"center center","background-size":"auto","background-attachment":"scroll","background-type":"","background-media":"","overlay-type":"","overlay-color":"","overlay-opacity":"","overlay-gradient":""},"tablet":{"background-color":"","background-image":"","background-repeat":"repeat","background-position":"center center","background-size":"auto","background-attachment":"scroll","background-type":"","background-media":"","overlay-type":"","overlay-color":"","overlay-opacity":"","overlay-gradient":""},"mobile":{"background-color":"","background-image":"","background-repeat":"repeat","background-position":"center center","background-size":"auto","background-attachment":"scroll","background-type":"","background-media":"","overlay-type":"","overlay-color":"","overlay-opacity":"","overlay-gradient":""}},"ast-content-background-meta":{"desktop":{"background-color":"var(--ast-global-color-5)","background-image":"","background-repeat":"repeat","background-position":"center center","background-size":"auto","background-attachment":"scroll","background-type":"","background-media":"","overlay-type":"","overlay-color":"","overlay-opacity":"","overlay-gradient":""},"tablet":{"background-color":"var(--ast-global-color-5)","background-image":"","background-repeat":"repeat","background-position":"center center","background-size":"auto","background-attachment":"scroll","background-type":"","background-media":"","overlay-type":"","overlay-color":"","overlay-opacity":"","overlay-gradient":""},"mobile":{"background-color":"var(--ast-global-color-5)","background-image":"","background-repeat":"repeat","background-position":"center center","background-size":"auto","background-attachment":"scroll","background-type":"","background-media":"","overlay-type":"","overlay-color":"","overlay-opacity":"","overlay-gradient":""}},"_glsr_average":0,"_glsr_ranking":0,"_glsr_reviews":0,"footnotes":""},"categories":[],"tags":[],"class_list":["post-3921","page","type-page","status-publish","has-post-thumbnail","hentry"],"acf":[],"_links":{"self":[{"href":"https:\/\/www1.inextremis-aventura.fr\/en\/wp-json\/wp\/v2\/pages\/3921","targetHints":{"allow":["GET"]}}],"collection":[{"href":"https:\/\/www1.inextremis-aventura.fr\/en\/wp-json\/wp\/v2\/pages"}],"about":[{"href":"https:\/\/www1.inextremis-aventura.fr\/en\/wp-json\/wp\/v2\/types\/page"}],"author":[{"embeddable":true,"href":"https:\/\/www1.inextremis-aventura.fr\/en\/wp-json\/wp\/v2\/users\/1"}],"replies":[{"embeddable":true,"href":"https:\/\/www1.inextremis-aventura.fr\/en\/wp-json\/wp\/v2\/comments?post=3921"}],"version-history":[{"count":1,"href":"https:\/\/www1.inextremis-aventura.fr\/en\/wp-json\/wp\/v2\/pages\/3921\/revisions"}],"predecessor-version":[{"id":12446,"href":"https:\/\/www1.inextremis-aventura.fr\/en\/wp-json\/wp\/v2\/pages\/3921\/revisions\/12446"}],"wp:featuredmedia":[{"embeddable":true,"href":"https:\/\/www1.inextremis-aventura.fr\/en\/wp-json\/wp\/v2\/media\/4890"}],"wp:attachment":[{"href":"https:\/\/www1.inextremis-aventura.fr\/en\/wp-json\/wp\/v2\/media?parent=3921"}],"wp:term":[{"taxonomy":"category","embeddable":true,"href":"https:\/\/www1.inextremis-aventura.fr\/en\/wp-json\/wp\/v2\/categories?post=3921"},{"taxonomy":"post_tag","embeddable":true,"href":"https:\/\/www1.inextremis-aventura.fr\/en\/wp-json\/wp\/v2\/tags?post=3921"}],"curies":[{"name":"wp","href":"https:\/\/api.w.org\/{rel}","templated":true}]}}