{"id":11844,"date":"2024-07-13T12:02:27","date_gmt":"2024-07-13T10:02:27","guid":{"rendered":"https:\/\/www.inextremis-aventura.fr\/activites\/uncategorized\/via-ferrata-roc-de-la-campana-amelie-les-bains\/"},"modified":"2025-02-22T13:05:08","modified_gmt":"2025-02-22T12:05:08","slug":"via-ferrata-roc-of-the-campana","status":"publish","type":"product","link":"https:\/\/www1.inextremis-aventura.fr\/en\/activities\/via-ferrata-roc-of-the-campana\/","title":{"rendered":"Via Ferrata Roc de la Campana &#8211; Amelie les Bains"},"content":{"rendered":"<p><strong>Climb, climb, cross, climb, walk along, cross, aerial route, elevated route, routes, gas, view of the valley, dizziness, emptiness, you are on Via Ferrata. More and more families are choosing Via Ferrata as a new way to discover the mountains.<\/strong><\/p>\n<p><strong>An intermediate sports initiation course from Via Ferrata to Am\u00e9lie les Bains<\/strong>providing beautiful sensations of emptiness throughout the ascent. Excellent vertical exercise for children aged 12 and over and adolescents. A course to discover the activity in sports initiation mode.<\/p>\n","protected":false},"excerpt":{"rendered":"<p><strong>A new Via Ferrata in the Eastern Pyrenees, including an intermediate Via Ferrata sports initiation course<\/strong><br \/>\nat Am\u00e9lie les Bains providing beautiful sensations of emptiness throughout the ascent. Excellent vertical exercise for children aged 12 and over and adolescents.<\/p>\n","protected":false},"featured_media":11469,"comment_status":"open","ping_status":"closed","template":"","meta":{"_acf_changed":false,"_seopress_robots_primary_cat":"none","_seopress_titles_title":"Via Ferrata Roc of the Campana Amelie les Bains Pyrenees Orientales","_seopress_titles_desc":"Nouvelle Via Ferrata \u00e0 Am\u00e9lie les Bains dans les Pyr\u00e9n\u00e9es Orientales avec un parcours interm\u00e9diaire sportif procurant de belles sensations de grimpe.","_seopress_robots_index":"","site-sidebar-layout":"no-sidebar","site-content-layout":"page-builder","ast-site-content-layout":"full-width-container","site-content-style":"default","site-sidebar-style":"unboxed","ast-global-header-display":"","ast-banner-title-visibility":"","ast-main-header-display":"","ast-hfb-above-header-display":"","ast-hfb-below-header-display":"","ast-hfb-mobile-header-display":"","site-post-title":"disabled","ast-breadcrumbs-content":"","ast-featured-img":"disabled","footer-sml-layout":"","ast-disable-related-posts":"","theme-transparent-header-meta":"default","adv-header-id-meta":"601","stick-header-meta":"default","header-above-stick-meta":"on","header-main-stick-meta":"","header-below-stick-meta":"","astra-migrate-meta-layouts":"set","ast-page-background-enabled":"default","ast-page-background-meta":{"desktop":{"background-color":"var(--ast-global-color-4)","background-image":"","background-repeat":"repeat","background-position":"center center","background-size":"auto","background-attachment":"scroll","background-type":"","background-media":"","overlay-type":"","overlay-color":"","overlay-opacity":"","overlay-gradient":""},"tablet":{"background-color":"","background-image":"","background-repeat":"repeat","background-position":"center center","background-size":"auto","background-attachment":"scroll","background-type":"","background-media":"","overlay-type":"","overlay-color":"","overlay-opacity":"","overlay-gradient":""},"mobile":{"background-color":"","background-image":"","background-repeat":"repeat","background-position":"center center","background-size":"auto","background-attachment":"scroll","background-type":"","background-media":"","overlay-type":"","overlay-color":"","overlay-opacity":"","overlay-gradient":""}},"ast-content-background-meta":{"desktop":{"background-color":"var(--ast-global-color-5)","background-image":"","background-repeat":"repeat","background-position":"center center","background-size":"auto","background-attachment":"scroll","background-type":"","background-media":"","overlay-type":"","overlay-color":"","overlay-opacity":"","overlay-gradient":""},"tablet":{"background-color":"var(--ast-global-color-5)","background-image":"","background-repeat":"repeat","background-position":"center center","background-size":"auto","background-attachment":"scroll","background-type":"","background-media":"","overlay-type":"","overlay-color":"","overlay-opacity":"","overlay-gradient":""},"mobile":{"background-color":"var(--ast-global-color-5)","background-image":"","background-repeat":"repeat","background-position":"center center","background-size":"auto","background-attachment":"scroll","background-type":"","background-media":"","overlay-type":"","overlay-color":"","overlay-opacity":"","overlay-gradient":""}},"_glsr_average":5,"_glsr_ranking":3.75,"_glsr_reviews":2},"product_brand":[261],"product_cat":[242,189],"product_tag":[61,248,191],"giftcard-category":[],"class_list":{"0":"post-11844","1":"product","2":"type-product","3":"status-publish","4":"has-post-thumbnail","6":"product_brand-inextremis-aventura-en","7":"product_cat-via-ferrata-intermediate-course","8":"product_cat-via-ferrata-en","9":"product_tag-amelie-les-bains-en","10":"product_tag-new","11":"product_tag-via-ferrata-en","12":"desktop-align-center","13":"tablet-align-left","14":"mobile-align-left","15":"ast-product-gallery-layout-horizontal","16":"ast-magnify-disabled","18":"first","19":"instock","20":"virtual","21":"purchasable","22":"product-type-appointment"},"exclude_global_add_ons":[],"addons":[],"acf":{"short_description_en_h2":"<h2>[wpcode id=\"12596\"]<\/h2>","description_de_la_sortie":"<h3><strong>Organization &amp; Via Ferrata coaching<\/strong><\/h3>\r\nFor an outing to be organized, a minimum of 4 people is required. If you are less than 4 people and want to do a Via Ferrata supervised by an instructor, click on the dates with a line below (guaranteed departure), to find out the number of places remaining or contact us on 06 29 56 40 36, we will We will try to find a solution for you.","materiel_fourni_pour_votre_descente":"<h3>Equipment provided for your ascent<\/h3>\r\n<ul>\r\n \t<li>Harness<\/li>\r\n \t<li>lanyards<\/li>\r\n \t<li>helmets<\/li>\r\n \t<li>via ferrata gloves<\/li>\r\n<\/ul>","affaires_personnelles_a_prevoir":"<h3>Personal matters to be planned<\/h3>\r\n<ul>\r\n \t<li>1 sports outfit (choose pants or cropped pants \u2013 no jeans)<\/li>\r\n \t<li>sports shoes with thick soles<\/li>\r\n \t<li>small backpack with water bottles<\/li>\r\n \t<li>1 piece of rain gear<\/li>\r\n \t<li>sunglasses<\/li>\r\n \t<li>Sun cream<\/li>\r\n<\/ul>","le_plus_d\u2019inextremis_aventura":"<h3>The + of Inextremis Aventura<\/h3>\r\nSupervision by a French state-certified Climbing canyon instructor with more than 10 years of professional experience.","video":"","niveau":"<div class=\"wpcbm-badge wpcbm-badge-10027 wpcbm-pid-8882 wpcbm-badge-style-04 wpcbm-badge-group-0 hint--top\" aria-label=\"\">\r\n<div class=\"wpcbm-badge-inner\"><strong>Intermediate level - 12 years old<\/strong><\/div>\r\n<\/div>","topographie":"<strong>Activity:<\/strong> Via Ferrata\r\n<strong>Level:<\/strong> Intermediate sports\r\n<strong>Height difference:<\/strong> 107 meters\r\n<strong>Length:<\/strong> 236 meters\r\n<strong>Duration of the ascent:<\/strong> 1h30\r\n<strong>Go on foot:<\/strong> via a path in 40 minutes\r\n<strong>Return on foot:<\/strong> via a path in 20 minutes\r\n<strong>Location:<\/strong> Municipality of Reyn\u00e8s (accessible only by Am\u00e9lie les Bains)\r\n<strong>Department <\/strong>: Pyr\u00e9n\u00e9es Orientales\r\n<strong>Region: <\/strong>Occitanie \u2013 Pyrenees Mediterranean\r\n<strong>Your organizer:<\/strong>\r\n<strong>Instructor:<\/strong> French State Climbing certificate attesting to professional liability insurance + search and rescue costs.\r\n<strong>Languages \u200b\u200bspoken:<\/strong> French, English.\r\n<strong>Transport:<\/strong> Meet at the Stade car park, exit Am\u00e9lie les Bains towards Arles sur Tech\r\n<strong>Conditions:<\/strong>\r\nMinimum age 12 years\r\nHave no medical or physical contraindication for the proposed activities.\r\n<strong>Notes:<\/strong>\r\nDepending on the weather, the organizer may decide to move or cancel an outing as a safety measure.\r\nIn the event of damage or non-compliance with loaned equipment specific to the activities, transport vehicles, our company will claim compensation from the person(s) concerned, as well as in the event of loss or theft.","tarifs_de_la_sortie":"<h3><strong>Exit prices<\/strong><\/h3>\r\n<strong>Price for 1 to 3 people: \u20ac50\/person<\/strong>\r\n<strong>Price for 4 to 6 people and more: \u20ac48\/person<\/strong>\r\n<strong>Price for 7 to 8 people and more: \u20ac46\/person<\/strong>","infos_dates":"<h3>Other dates :<\/h3>\r\n<strong>If you would like a date other than those displayed, we can arrange a departure upon simple request.<\/strong>\r\n<strong>Departures are guaranteed from 4 people, if the minimum number is not reached we will try to place you with a colleague or we will refund the entire amount you paid when booking.<\/strong>","image_seule":"[caption id=\"attachment_10799\" align=\"aligncenter\" width=\"1400\"]<img class=\"wp-image-10799 size-full\" title=\"Via-Ferrata Gorges du Mondonny - Am\u00e9lie les Bains - Pyr\u00e9n\u00e9es Orientales\" src=\"http:\/\/www.inextremis-aventura.fr\/wp-content\/uploads\/2024\/07\/via-ferrata-mondonny-08a.jpg\" alt=\"Via-Ferrata Roc de la Campana - Amelie les Bains - Pyrenees Orientales\" width=\"1400\" height=\"1050\" \/> Via-Ferrata Roc de la Campana - Amelie les Bains - Pyrenees Orientales[\/caption]","selectionner":"<span style=\"color: #ff0000;\"><strong>Select the total number of places above.<\/strong><\/span>","contact":"<a href=\"https:\/\/www.inextremis-aventura.fr\/en\/contact-us\/\"><strong><img class=\"alignnone wp-image-8222\" src=\"http:\/\/www.inextremis-aventura.fr\/wp-content\/uploads\/2022\/12\/icone-mail.png\" alt=\" Contact-us !\" width=\"38\" height=\"25\" \/> Contact-us !<\/strong><\/a>","tel":"<strong><img class=\"alignnone wp-image-8218\" src=\"http:\/\/www.inextremis-aventura.fr\/wp-content\/uploads\/2022\/12\/icone-tel.png\" alt=\"+33980850565\" width=\"25\" height=\"25\" \/>+33 980 850 565<\/strong>","portable":"<strong><img class=\"alignnone wp-image-8218\" src=\"http:\/\/www.inextremis-aventura.fr\/wp-content\/uploads\/2022\/12\/icone-tel.png\" alt=\"+33980850565\" width=\"25\" height=\"25\" \/>+33 629 564 036<\/strong>","situation":"<strong><a href=\"https:\/\/goo.gl\/maps\/sMFNHoxDRmRGMJAB9\" target=\"_blank\" rel=\"noopener\"><img class=\"alignnone wp-image-8229\" title=\"Locaux Inextremis Aventura\" src=\"http:\/\/www.inextremis-aventura.fr\/wp-content\/uploads\/2022\/12\/icone-place.png\" alt=\"Locaux Inextremis Aventura\" width=\"22\" height=\"25\" \/> Situation<\/a><\/strong>","image_topo":"","google_maps":{"address":"36 Av. Alzine Rodone, 66150 Arles-sur-Tech, France","lat":42.47165374285065553294771234504878520965576171875,"lng":2.6621246337890625,"zoom":17,"place_id":"ChIJ2Zez5vmmuhIRSaRy5PSWFdY","street_number":36,"street_name":"Avenue Alzine Rodone","street_name_short":"Av. Alzine Rodone","city":"Arles-sur-Tech","state":"Occitanie","post_code":66150,"country":"France","country_short":"FR"},"informations_touristiques":"","informations_touristiques_2":"","ouverture-fermeture":"","champs":"<strong>Dates in bold scheduled releases.\r\nDates crossed out, or not clickable complete outputs.<\/strong>","lieu_de_rdv":"<h3>Meeting place :<\/h3>"},"_links":{"self":[{"href":"https:\/\/www1.inextremis-aventura.fr\/en\/wp-json\/wp\/v2\/product\/11844","targetHints":{"allow":["GET"]}}],"collection":[{"href":"https:\/\/www1.inextremis-aventura.fr\/en\/wp-json\/wp\/v2\/product"}],"about":[{"href":"https:\/\/www1.inextremis-aventura.fr\/en\/wp-json\/wp\/v2\/types\/product"}],"replies":[{"embeddable":true,"href":"https:\/\/www1.inextremis-aventura.fr\/en\/wp-json\/wp\/v2\/comments?post=11844"}],"wp:featuredmedia":[{"embeddable":true,"href":"https:\/\/www1.inextremis-aventura.fr\/en\/wp-json\/wp\/v2\/media\/11469"}],"wp:attachment":[{"href":"https:\/\/www1.inextremis-aventura.fr\/en\/wp-json\/wp\/v2\/media?parent=11844"}],"wp:term":[{"taxonomy":"product_brand","embeddable":true,"href":"https:\/\/www1.inextremis-aventura.fr\/en\/wp-json\/wp\/v2\/product_brand?post=11844"},{"taxonomy":"product_cat","embeddable":true,"href":"https:\/\/www1.inextremis-aventura.fr\/en\/wp-json\/wp\/v2\/product_cat?post=11844"},{"taxonomy":"product_tag","embeddable":true,"href":"https:\/\/www1.inextremis-aventura.fr\/en\/wp-json\/wp\/v2\/product_tag?post=11844"},{"taxonomy":"giftcard-category","embeddable":true,"href":"https:\/\/www1.inextremis-aventura.fr\/en\/wp-json\/wp\/v2\/giftcard-category?post=11844"}],"curies":[{"name":"wp","href":"https:\/\/api.w.org\/{rel}","templated":true}]}}