{"id":12584,"date":"2021-12-04T14:58:42","date_gmt":"2021-12-04T13:58:42","guid":{"rendered":"https:\/\/www.inextremis-aventura.fr\/?post_type=product&#038;p=12584"},"modified":"2025-02-21T20:12:01","modified_gmt":"2025-02-21T19:12:01","slug":"canyoning-weekend-in-catalonia","status":"publish","type":"product","link":"https:\/\/www1.inextremis-aventura.fr\/en\/activities\/canyoning-weekend-in-catalonia\/","title":{"rendered":"Canyoning Weekend in Catalonia &#8211; France-Spain"},"content":{"rendered":"<p>Canyoning without borders in the two Catalonias in France and Spain during an adventure weekend at Llech in Estoher in Conflent and in Sadernes at Sant Anoil d&#8217;Aguja in Alta Garrotxa.<\/p>\n","protected":false},"excerpt":{"rendered":"<p>Discover Canyoning in French and Spanish Catalonia, for two days in the Llech Gorges in France and Sant Aniol d\u2019Aguja in Spain. What could be better than discovering canyoning by practicing it over two full days in the largest canyons in the Catalan Country (Le Llech and Sant Aniol d\u2019Aguja).<\/p>\n","protected":false},"featured_media":8382,"comment_status":"open","ping_status":"closed","template":"","meta":{"_acf_changed":false,"_seopress_robots_primary_cat":"none","_seopress_titles_title":"%%post_title%%","_seopress_titles_desc":"%%post_excerpt%%","_seopress_robots_index":"","site-sidebar-layout":"no-sidebar","site-content-layout":"default","ast-site-content-layout":"default","site-content-style":"default","site-sidebar-style":"default","ast-global-header-display":"","ast-banner-title-visibility":"","ast-main-header-display":"","ast-hfb-above-header-display":"","ast-hfb-below-header-display":"","ast-hfb-mobile-header-display":"","site-post-title":"disabled","ast-breadcrumbs-content":"","ast-featured-img":"disabled","footer-sml-layout":"","ast-disable-related-posts":"","theme-transparent-header-meta":"default","adv-header-id-meta":"","stick-header-meta":"default","header-above-stick-meta":"","header-main-stick-meta":"","header-below-stick-meta":"","astra-migrate-meta-layouts":"set","ast-page-background-enabled":"default","ast-page-background-meta":{"desktop":{"background-color":"var(--ast-global-color-4)","background-image":"","background-repeat":"repeat","background-position":"center center","background-size":"auto","background-attachment":"scroll","background-type":"","background-media":"","overlay-type":"","overlay-color":"","overlay-opacity":"","overlay-gradient":""},"tablet":{"background-color":"","background-image":"","background-repeat":"repeat","background-position":"center center","background-size":"auto","background-attachment":"scroll","background-type":"","background-media":"","overlay-type":"","overlay-color":"","overlay-opacity":"","overlay-gradient":""},"mobile":{"background-color":"","background-image":"","background-repeat":"repeat","background-position":"center center","background-size":"auto","background-attachment":"scroll","background-type":"","background-media":"","overlay-type":"","overlay-color":"","overlay-opacity":"","overlay-gradient":""}},"ast-content-background-meta":{"desktop":{"background-color":"var(--ast-global-color-5)","background-image":"","background-repeat":"repeat","background-position":"center center","background-size":"auto","background-attachment":"scroll","background-type":"","background-media":"","overlay-type":"","overlay-color":"","overlay-opacity":"","overlay-gradient":""},"tablet":{"background-color":"var(--ast-global-color-5)","background-image":"","background-repeat":"repeat","background-position":"center center","background-size":"auto","background-attachment":"scroll","background-type":"","background-media":"","overlay-type":"","overlay-color":"","overlay-opacity":"","overlay-gradient":""},"mobile":{"background-color":"var(--ast-global-color-5)","background-image":"","background-repeat":"repeat","background-position":"center center","background-size":"auto","background-attachment":"scroll","background-type":"","background-media":"","overlay-type":"","overlay-color":"","overlay-opacity":"","overlay-gradient":""}},"_glsr_average":0,"_glsr_ranking":0,"_glsr_reviews":0},"product_brand":[261],"product_cat":[47,141],"product_tag":[],"giftcard-category":[],"class_list":{"0":"post-12584","1":"product","2":"type-product","3":"status-publish","4":"has-post-thumbnail","6":"product_brand-inextremis-aventura-en","7":"product_cat-canyoning-sport","8":"product_cat-week-end","9":"desktop-align-center","10":"tablet-align-left","11":"mobile-align-left","12":"ast-product-gallery-layout-horizontal","13":"ast-magnify-disabled","15":"first","16":"instock","17":"virtual","18":"purchasable","19":"product-type-appointment"},"exclude_global_add_ons":[],"addons":[],"acf":{"short_description_en_h2":"<h2>Discover Canyoning in French and Spanish Catalonia, for two days in the Llech Gorges in France and Sant Aniol d\u2019Aguja in Spain.<\/h2>\r\nWhat could be better than discovering canyoning by practicing it over two full days in the largest canyons of the Catalan Country (Le Llech and Sant Aniol d\u2019Aguja).","description_de_la_sortie":"<h3>On the program 2 days on site 2 great canyons of the Catalan country...<\/h3>\r\nThese descents will allow you to discover the functioning of ropes in tumultuous waters of water with \"gas\" and the techniques of sliding on slides... the limestone Gorges of Sant Aniol d'Aguja are the perfect representatives of an aesthetic and wild nature. The Gorges du Llech are a jewel of the Pyrenean mountains. A true natural Aquacity, it is one of the most fun and aquatic canyons in both Catalonia. Its always high flow makes it suitable for level III sporting canyons. Note: The practice of Canyoning requires a minimum of physical and sporting condition. This activity, like all outdoor sports practices, is subject to the absence of medical contraindication.","materiel_fourni_pour_votre_descente":"<h3>Equipment provided for your descent<\/h3>\r\nReinforced canyon suit Harness with double lanyards and descender Helmet Shoes (from 36 to 47) Equipment transport bag Waterproof bottle","affaires_personnelles_a_prevoir":"<h3>Personal belongings to bring<\/h3>\r\nSwimsuit Socks required 1 pair of sports shoes if size &lt; 36 or &gt; 47 Hair elastic for girls Bottle of water","le_plus_d\u2019inextremis_aventura":"<h3>The + of Inextremis Aventura<\/h3>\r\nSupervision by a French qualified canyon instructor with more than 30 years of professional experience being one of the pioneers of canyoning in the PO. A minibus shuttle is organized. Free provision of a waterproof camera for the entire group (subject to availability) \u2013 Free recovery of photos for download.","video":"","niveau":"<div class=\"wpcbm-badge wpcbm-badge-10039 wpcbm-pid-684 wpcbm-badge-style-04 wpcbm-badge-group-0 hint--top\" aria-label=\"\">\r\n<div class=\"wpcbm-badge-inner\"><strong>Very sporty level - 14 years old<\/strong><\/div>\r\n<\/div>\r\n<div class=\"wpcbm-badge wpcbm-badge-10064 wpcbm-pid-657 wpcbm-badge-style-04 wpcbm-badge-group-0 hint--bottom\" aria-label=\"\">\r\n<div class=\"wpcbm-badge-inner\"><strong>April-October<\/strong><\/div>\r\n<\/div>","topographie":"<table>\r\n<tbody>\r\n<tr>\r\n<td valign=\"top\" width=\"50%\"><strong>Name: Canyon du Llech<\/strong>\r\n<strong>Municipality: Estoher<\/strong>\r\n<strong>Department: Pyr\u00e9n\u00e9es-Orientales<\/strong>\r\n<strong>Region: Occitanie \u2013 Pyr\u00e9n\u00e9es M\u00e9diterran\u00e9e<\/strong>\r\n<strong>Country: France<\/strong>\r\n<strong>0h35 approach walk<\/strong>\r\n<strong>5 m abseil<\/strong>\r\n<strong>3 m slide<\/strong>\r\n<strong>3 m slide<\/strong>\r\n<strong>5 m slide<\/strong>\r\n<strong>16 m abseil-slide<\/strong>\r\n<strong>7 or 9 m jump<\/strong>\r\n<strong>5 m slide<\/strong>\r\n<strong>3 m descent<\/strong>\r\n<strong>2 m slide<\/strong>\r\n<strong>Walk 100 m<\/strong>\r\n<strong>2 m descent<\/strong>\r\n<strong>100 m swim and walk<\/strong>\r\n<strong>3 m descent<\/strong>\r\n<strong>2 m slide<\/strong>\r\n<strong>5 m jump<\/strong>\r\n<strong>4 m jump<\/strong>\r\n<strong>3 m slide<\/strong>\r\n<strong>3 m slide or 5 m jump<\/strong>\r\n<strong>5 m slide with 8 m jump<\/strong>\r\n<strong>5 m slide<\/strong>\r\n<strong>15 m abseil<\/strong>\r\n<strong>6 m slide<\/strong>\r\n<strong>7 m slide<\/strong>\r\n<strong>3 m jump<\/strong>\r\n<strong>Descent between 2h30 and 3h00 depending on the groups<\/strong>\r\n<strong>0H40 walk at the exit to the vehicle<\/strong><\/td>\r\n<td><strong>Name: Sant Aniol d'Aguja<\/strong>\r\n<strong>Municipality: Sadernes<\/strong>\r\n<strong>Department: Alta-Garrotxa<\/strong>\r\n<strong>Region: Catalunya<\/strong>\r\n<strong>Country: Spain<\/strong>\r\n<strong>1h15 approach walk<\/strong>\r\n<strong>Rappel of 6 m\r\nRappel of 3 m\r\nJump of 5 m\r\nJump of 3 m\r\nJump of 4 m\r\n2 m jump\r\n5 m slide\r\n8 m jump\r\n45 m abseil\r\n100 m river course\r\n7 m jump\r\n15 m abseil\r\n3 m jump\r\n30 m abseil\r\n5 m abseil\r\n200 m river course\r\n7 or 12 m jump\r\nall the obstacles can be avoided or passed by abseiling.\r\nTotal duration of the activity 8h00\r\nDescent into the canyon between 4h00 and 5h00 depending on the groups\r\n02H00 of walking at the exit to the vehicle<\/strong><\/td>\r\n<\/tr>\r\n<\/tbody>\r\n<\/table>","tarifs_de_la_sortie":"<h3>Weekend rates<\/h3>\r\nActivities: \u20ac160\/person Activities ","infos_dates":"<h3>Other dates<\/h3>\r\nDo you want a date other than those displayed for your canyoning outing? We can set up a departure on simple request. Departures are guaranteed from 4 people, if the minimum number is not reached we try to place you with a colleague where we will reimburse you the full amount you paid when booking.","image_seule":"","selectionner":"<span style=\"color: #ff0000;\"><strong>Select the total number of seat(s) above.<\/strong><\/span>","contact":"<a href=\"https:\/\/www1.inextremis-aventura.fr\/nous-contacter\/\"><strong><img class=\"alignnone wp-image-8222\" src=\"http:\/\/www.inextremis-aventura.fr\/wp-content\/uploads\/2022\/12\/icone-mail.png\" alt=\"info@inextremis-aventura.com\" width=\"38\" height=\"25\" \/> Contact-us !<\/strong><\/a>","tel":"<strong><img class=\"alignnone wp-image-8218\" src=\"http:\/\/www.inextremis-aventura.fr\/wp-content\/uploads\/2022\/12\/icone-tel.png\" alt=\"+33980850565\" width=\"25\" height=\"25\" \/>+33 980 850 565<\/strong>","portable":"<strong><img class=\"alignnone wp-image-8218\" src=\"http:\/\/www.inextremis-aventura.fr\/wp-content\/uploads\/2022\/12\/icone-tel.png\" alt=\"+33980850565\" width=\"25\" height=\"25\" \/>+33 629 564 036<\/strong>","situation":"<strong><a href=\"https:\/\/goo.gl\/maps\/sMFNHoxDRmRGMJAB9\" target=\"_blank\" rel=\"noopener\"><img class=\"alignnone wp-image-8229\" title=\"Locaux Inextremis Aventura\" src=\"http:\/\/www.inextremis-aventura.fr\/wp-content\/uploads\/2022\/12\/icone-place.png\" alt=\"Locaux Inextremis Aventura\" width=\"22\" height=\"25\" \/> Location<\/a><\/strong>","image_topo":"","google_maps":{"address":"Ceret","lat":42.4859519999999974970705807209014892578125,"lng":2.74882600000000021367441149777732789516448974609375,"zoom":14,"place_id":"ChIJKcug0lmguhIRHL54GCNqy1E","city":"C\u00e9ret","state":"Occitanie","post_code":66400,"country":"France","country_short":"FR"},"informations_touristiques":"","informations_touristiques_2":"","ouverture-fermeture":"","champs":"<strong>Dates en gras sorties programm\u00e9es.\r\nDates barr\u00e9es, ou non cliquables sorties compl\u00e8tes.<\/strong>","lieu_de_rdv":"<h3>Lieu de Rendez-vous :<\/h3>"},"_links":{"self":[{"href":"https:\/\/www1.inextremis-aventura.fr\/en\/wp-json\/wp\/v2\/product\/12584","targetHints":{"allow":["GET"]}}],"collection":[{"href":"https:\/\/www1.inextremis-aventura.fr\/en\/wp-json\/wp\/v2\/product"}],"about":[{"href":"https:\/\/www1.inextremis-aventura.fr\/en\/wp-json\/wp\/v2\/types\/product"}],"replies":[{"embeddable":true,"href":"https:\/\/www1.inextremis-aventura.fr\/en\/wp-json\/wp\/v2\/comments?post=12584"}],"wp:featuredmedia":[{"embeddable":true,"href":"https:\/\/www1.inextremis-aventura.fr\/en\/wp-json\/wp\/v2\/media\/8382"}],"wp:attachment":[{"href":"https:\/\/www1.inextremis-aventura.fr\/en\/wp-json\/wp\/v2\/media?parent=12584"}],"wp:term":[{"taxonomy":"product_brand","embeddable":true,"href":"https:\/\/www1.inextremis-aventura.fr\/en\/wp-json\/wp\/v2\/product_brand?post=12584"},{"taxonomy":"product_cat","embeddable":true,"href":"https:\/\/www1.inextremis-aventura.fr\/en\/wp-json\/wp\/v2\/product_cat?post=12584"},{"taxonomy":"product_tag","embeddable":true,"href":"https:\/\/www1.inextremis-aventura.fr\/en\/wp-json\/wp\/v2\/product_tag?post=12584"},{"taxonomy":"giftcard-category","embeddable":true,"href":"https:\/\/www1.inextremis-aventura.fr\/en\/wp-json\/wp\/v2\/giftcard-category?post=12584"}],"curies":[{"name":"wp","href":"https:\/\/api.w.org\/{rel}","templated":true}]}}