{"id":7812,"date":"2022-02-08T12:08:35","date_gmt":"2022-02-08T11:08:35","guid":{"rendered":"https:\/\/www.inextremis-aventura.fr\/activites\/uncategorized\/via-ferrata-gift-card\/"},"modified":"2025-02-20T13:34:25","modified_gmt":"2025-02-20T12:34:25","slug":"via-ferrata-gift-card","status":"publish","type":"product","link":"https:\/\/www1.inextremis-aventura.fr\/en\/activities\/via-ferrata-gift-card\/","title":{"rendered":"Via Ferrata gift card"},"content":{"rendered":"<p>You can make someone close to you happy, for their birthday, for Christmas, or on any other occasion, by offering them a Via Ferrata gift card. It will allow him to choose the Via Ferrata outing he or she wants to do. The amount of the gift card will be deducted from the total cost at the time of booking using the coupon code that will appear on the card.<\/p>\n<p><strong>The prices below correspond to the following Via-ferrata routes:<\/strong><br \/>\n35 \u20ac : Via Ferrata La Pichona Saint paul de Fenouillet<br \/>\n40 \u20ac : Via Ferrata Interm\u00e9diaire Saint paul de Fenouillet<br \/>\n50 \u20ac : Via Ferrata Roc de la Campana Am\u00e9lie les Bains<\/p>\n","protected":false},"excerpt":{"rendered":"<p>&nbsp;<\/p>\n<div class=\"woocommerce-product-details__short-description\">\n<p>You can make someone close to you happy, for their birthday, for Christmas, or on any other occasion, by offering them a Via Ferrata gift card. It will allow him to choose the Via Ferrata outing he or she wants to do. The amount of the gift card will be deducted from the total cost at the time of booking using the coupon code that will appear on the card.<\/p>\n<\/div>\n","protected":false},"featured_media":6744,"comment_status":"closed","ping_status":"closed","template":"","meta":{"_acf_changed":false,"_seopress_robots_primary_cat":"none","_seopress_titles_title":"","_seopress_titles_desc":"","_seopress_robots_index":"","site-sidebar-layout":"no-sidebar","site-content-layout":"default","ast-site-content-layout":"default","site-content-style":"default","site-sidebar-style":"default","ast-global-header-display":"","ast-banner-title-visibility":"","ast-main-header-display":"","ast-hfb-above-header-display":"","ast-hfb-below-header-display":"","ast-hfb-mobile-header-display":"","site-post-title":"disabled","ast-breadcrumbs-content":"disabled","ast-featured-img":"","footer-sml-layout":"","ast-disable-related-posts":"","theme-transparent-header-meta":"disabled","adv-header-id-meta":"","stick-header-meta":"default","header-above-stick-meta":"","header-main-stick-meta":"","header-below-stick-meta":"","astra-migrate-meta-layouts":"set","ast-page-background-enabled":"default","ast-page-background-meta":{"desktop":{"background-color":"var(--ast-global-color-4)","background-image":"","background-repeat":"repeat","background-position":"center center","background-size":"auto","background-attachment":"scroll","background-type":"","background-media":"","overlay-type":"","overlay-color":"","overlay-opacity":"","overlay-gradient":""},"tablet":{"background-color":"","background-image":"","background-repeat":"repeat","background-position":"center center","background-size":"auto","background-attachment":"scroll","background-type":"","background-media":"","overlay-type":"","overlay-color":"","overlay-opacity":"","overlay-gradient":""},"mobile":{"background-color":"","background-image":"","background-repeat":"repeat","background-position":"center center","background-size":"auto","background-attachment":"scroll","background-type":"","background-media":"","overlay-type":"","overlay-color":"","overlay-opacity":"","overlay-gradient":""}},"ast-content-background-meta":{"desktop":{"background-color":"var(--ast-global-color-5)","background-image":"","background-repeat":"repeat","background-position":"center center","background-size":"auto","background-attachment":"scroll","background-type":"","background-media":"","overlay-type":"","overlay-color":"","overlay-opacity":"","overlay-gradient":""},"tablet":{"background-color":"var(--ast-global-color-5)","background-image":"","background-repeat":"repeat","background-position":"center center","background-size":"auto","background-attachment":"scroll","background-type":"","background-media":"","overlay-type":"","overlay-color":"","overlay-opacity":"","overlay-gradient":""},"mobile":{"background-color":"var(--ast-global-color-5)","background-image":"","background-repeat":"repeat","background-position":"center center","background-size":"auto","background-attachment":"scroll","background-type":"","background-media":"","overlay-type":"","overlay-color":"","overlay-opacity":"","overlay-gradient":""}},"_glsr_average":5,"_glsr_ranking":3.636363636363599827205916881212033331394195556640625,"_glsr_reviews":1},"product_brand":[261],"product_cat":[190,189],"product_tag":[61,69,191],"giftcard-category":[266],"class_list":{"0":"post-7812","1":"product","2":"type-product","3":"status-publish","4":"has-post-thumbnail","6":"product_brand-inextremis-aventura-en","7":"product_cat-gift-card","8":"product_cat-via-ferrata-en","9":"product_tag-amelie-les-bains-en","10":"product_tag-saint-paul-de-fenouillet-en","11":"product_tag-via-ferrata-en","12":"giftcard-category-carte-cadeau-via-ferrata-en","13":"desktop-align-center","14":"tablet-align-left","15":"mobile-align-left","16":"ast-product-gallery-layout-horizontal","17":"ast-magnify-disabled","18":"ast-product-single-variable","20":"first","21":"instock","22":"shipping-taxable","23":"purchasable","24":"product-type-variable"},"exclude_global_add_ons":[],"addons":[],"acf":{"short_description_en_h2":"<h2>[wpcode id=\"12596\"]<\/h2>","description_de_la_sortie":"","materiel_fourni_pour_votre_descente":"Mat\u00e9riel fourni pour votre descente\r\nCombinaison canyon renforc\u00e9e\r\nHarnais avec longes doubles et descendeur\r\nCasque\r\nChaussures (du 36 au 47)","affaires_personnelles_a_prevoir":"Affaires personnelles \u00e0 pr\u00e9voir\r\n\r\nMaillot de bain\r\nChaussettes obligatoires\r\n1 paire de chaussures de sport si pointure &lt; 36 ou &gt; 47\r\n\u00c9lastique \u00e0 cheveux pour les filles\r\nBouteille d\u2019eau","le_plus_d\u2019inextremis_aventura":"Encadrement par un moniteur canyon dipl\u00f4m\u00e9 d\u2019\u00e9tat fran\u00e7ais ayant plus de 30 ans d\u2019exp\u00e9rience professionnelle \u00e9tant l\u2019un des pionniers du canyonisme dans les PO.\r\nUne navette en minibus est organis\u00e9e entre le bas et le haut du canyon vous \u00e9vitant la remont\u00e9e en sortie du canyon tr\u00e8s raide et p\u00e9nible \u00e0 vos v\u00e9hicules.\r\nMise \u00e0 disposition gratuite d\u2019un appareil photo \u00e9tanche pour l\u2019ensemble du groupe (sous r\u00e9serve de disponibilit\u00e9) \u2013 R\u00e9cup\u00e9ration gratuite des photos en t\u00e9l\u00e9chargement.","video":"","niveau":"","topographie":"","tarifs_de_la_sortie":"","infos_dates":"Vous souhaitez une autre date que celles affich\u00e9es pour votre sortie canyoning ?\r\nNous pouvons mettre en place un d\u00e9part sur simple demande.\r\nLes d\u00e9parts sont assur\u00e9s \u00e0 partir de 4 personnes, si le nombre minimum n\u2019est pas atteint nous essayons de vous replacer chez un coll\u00e8gue o\u00f9 nous vous remboursons la totalit\u00e9 de la somme que vous avez r\u00e9gl\u00e9 \u00e0 la r\u00e9servation.","image_seule":"","selectionner":"<span style=\"color: #ff0000;\"><strong>S\u00e9lectionner le nombre de place(s) total ci-dessus.<\/strong><\/span>","contact":"<a href=\"https:\/\/www1.inextremis-aventura.fr\/nous-contacter\/\"><strong><img class=\"alignnone wp-image-8222\" src=\"https:\/\/www.inextremis-aventura.fr\/wp-content\/uploads\/2022\/12\/icone-mail.png\" alt=\"info@inextremis-aventura.com\" width=\"38\" height=\"25\" \/> Contact !<\/strong><\/a>","tel":"<strong><img class=\"alignnone wp-image-8218\" src=\"https:\/\/www.inextremis-aventura.fr\/wp-content\/uploads\/2022\/12\/icone-tel.png\" alt=\"+33980850565\" width=\"25\" height=\"25\" \/>09 80 85 05 65<\/strong>","portable":"<strong><img class=\"alignnone wp-image-8218\" src=\"https:\/\/www.inextremis-aventura.fr\/wp-content\/uploads\/2022\/12\/icone-tel.png\" alt=\"+33980850565\" width=\"25\" height=\"25\" \/>06 29 56 40 36<\/strong>","situation":"<strong><a href=\"https:\/\/goo.gl\/maps\/sMFNHoxDRmRGMJAB9\" target=\"_blank\" rel=\"noopener\"><img class=\"alignnone wp-image-8229\" title=\"Locaux Inextremis Aventura\" src=\"https:\/\/www.inextremis-aventura.fr\/wp-content\/uploads\/2022\/12\/icone-place.png\" alt=\"Locaux Inextremis Aventura\" width=\"22\" height=\"25\" \/> Situation<\/a><\/strong>","image_topo":"","google_maps":null,"informations_touristiques":"Informations touristiques","informations_touristiques_2":"","ouverture-fermeture":"","champs":"<strong>Dates en gras sorties programm\u00e9es.\r\nDates barr\u00e9es, ou non cliquables sorties compl\u00e8tes.<\/strong>","lieu_de_rdv":"<h3>Lieu de Rendez-vous :<\/h3>"},"_links":{"self":[{"href":"https:\/\/www1.inextremis-aventura.fr\/en\/wp-json\/wp\/v2\/product\/7812","targetHints":{"allow":["GET"]}}],"collection":[{"href":"https:\/\/www1.inextremis-aventura.fr\/en\/wp-json\/wp\/v2\/product"}],"about":[{"href":"https:\/\/www1.inextremis-aventura.fr\/en\/wp-json\/wp\/v2\/types\/product"}],"replies":[{"embeddable":true,"href":"https:\/\/www1.inextremis-aventura.fr\/en\/wp-json\/wp\/v2\/comments?post=7812"}],"wp:featuredmedia":[{"embeddable":true,"href":"https:\/\/www1.inextremis-aventura.fr\/en\/wp-json\/wp\/v2\/media\/6744"}],"wp:attachment":[{"href":"https:\/\/www1.inextremis-aventura.fr\/en\/wp-json\/wp\/v2\/media?parent=7812"}],"wp:term":[{"taxonomy":"product_brand","embeddable":true,"href":"https:\/\/www1.inextremis-aventura.fr\/en\/wp-json\/wp\/v2\/product_brand?post=7812"},{"taxonomy":"product_cat","embeddable":true,"href":"https:\/\/www1.inextremis-aventura.fr\/en\/wp-json\/wp\/v2\/product_cat?post=7812"},{"taxonomy":"product_tag","embeddable":true,"href":"https:\/\/www1.inextremis-aventura.fr\/en\/wp-json\/wp\/v2\/product_tag?post=7812"},{"taxonomy":"giftcard-category","embeddable":true,"href":"https:\/\/www1.inextremis-aventura.fr\/en\/wp-json\/wp\/v2\/giftcard-category?post=7812"}],"curies":[{"name":"wp","href":"https:\/\/api.w.org\/{rel}","templated":true}]}}